{"id":867,"date":"2024-12-31T21:21:02","date_gmt":"2024-12-31T19:21:02","guid":{"rendered":"https:\/\/elamanielaimet.fi\/?post_type=product&#038;p=867"},"modified":"2024-12-31T21:25:20","modified_gmt":"2024-12-31T19:25:20","slug":"jasenmaksu","status":"publish","type":"product","link":"https:\/\/elamanielaimet.fi\/?product=jasenmaksu","title":{"rendered":"J\u00e4senmaksu"},"content":{"rendered":"<p><img loading=\"lazy\" decoding=\"async\" class=\"alignnone size-full wp-image-868\" src=\"https:\/\/elamanielaimet.fi\/wp-content\/uploads\/2024\/12\/kauppakuva_jasenmaksu.jpg\" alt=\"\" width=\"200\" height=\"200\" srcset=\"https:\/\/elamanielaimet.fi\/wp-content\/uploads\/2024\/12\/kauppakuva_jasenmaksu.jpg 200w, https:\/\/elamanielaimet.fi\/wp-content\/uploads\/2024\/12\/kauppakuva_jasenmaksu-150x150.jpg 150w, https:\/\/elamanielaimet.fi\/wp-content\/uploads\/2024\/12\/kauppakuva_jasenmaksu-100x100.jpg 100w\" sizes=\"auto, (max-width: 200px) 100vw, 200px\" \/><\/p>\n<p>El\u00e4m\u00e4ni El\u00e4imet ry:n j\u00e4senmaksu. Maksamalla j\u00e4senmaksun tuet suoraan yhdistyksemme toimintaa. J\u00e4senmaksu on voimassa aina sen kalenterivuoden jona j\u00e4senmaksu on maksettu. Joulukuussa maksetut j\u00e4senmaksut sis\u00e4lt\u00e4v\u00e4t my\u00f6s seuraavan vuoden j\u00e4senyyden.<\/p>\n<p>Digitaalinen j\u00e4senkortti l\u00e4hetet\u00e4\u00e4n puhelinnumeroon joka annetaan tilauksen yhteydess\u00e4. J\u00e4senmaksun maksettuasi saat p\u00e4\u00e4syn j\u00e4sensivuille. Palvelun tarjoaa Yhdistysavain.<\/p>\n","protected":false},"excerpt":{"rendered":"<p>El\u00e4m\u00e4ni El\u00e4imet ry:n j\u00e4senmaksu. Maksamalla j\u00e4senmaksun tuet suoraan yhdistyksemme toimintaa. J\u00e4senmaksu on voimassa aina sen kalenterivuoden jona j\u00e4senmaksu on maksettu. Joulukuussa maksetut j\u00e4senmaksut sis\u00e4lt\u00e4v\u00e4t my\u00f6s seuraavan vuoden j\u00e4senyyden.<\/p>\n<p>Digitaalinen j\u00e4senkortti l\u00e4hetet\u00e4\u00e4n puhelinnumeroon joka annetaan tilauksen yhteydess\u00e4. J\u00e4senmaksun maksettuasi saat p\u00e4\u00e4syn j\u00e4sensivuille. Palvelun tarjoaa Yhdistysavain. <a class=\"continue-reading-link\" href=\"https:\/\/elamanielaimet.fi\/?product=jasenmaksu\">Jatkuu&#8230;<\/a><\/p>\n","protected":false},"featured_media":868,"template":"","meta":[],"product_cat":[16],"product_tag":[],"class_list":{"0":"post-867","1":"product","2":"type-product","3":"status-publish","4":"has-post-thumbnail","6":"product_cat-jasenmaksut","8":"first","9":"instock","10":"shipping-taxable","11":"purchasable","12":"product-type-simple"},"_links":{"self":[{"href":"https:\/\/elamanielaimet.fi\/index.php?rest_route=\/wp\/v2\/product\/867","targetHints":{"allow":["GET"]}}],"collection":[{"href":"https:\/\/elamanielaimet.fi\/index.php?rest_route=\/wp\/v2\/product"}],"about":[{"href":"https:\/\/elamanielaimet.fi\/index.php?rest_route=\/wp\/v2\/types\/product"}],"wp:featuredmedia":[{"embeddable":true,"href":"https:\/\/elamanielaimet.fi\/index.php?rest_route=\/wp\/v2\/media\/868"}],"wp:attachment":[{"href":"https:\/\/elamanielaimet.fi\/index.php?rest_route=%2Fwp%2Fv2%2Fmedia&parent=867"}],"wp:term":[{"taxonomy":"product_cat","embeddable":true,"href":"https:\/\/elamanielaimet.fi\/index.php?rest_route=%2Fwp%2Fv2%2Fproduct_cat&post=867"},{"taxonomy":"product_tag","embeddable":true,"href":"https:\/\/elamanielaimet.fi\/index.php?rest_route=%2Fwp%2Fv2%2Fproduct_tag&post=867"}],"curies":[{"name":"wp","href":"https:\/\/api.w.org\/{rel}","templated":true}]}}