{"id":785,"date":"2024-03-06T21:27:41","date_gmt":"2024-03-06T19:27:41","guid":{"rendered":"http:\/\/elamanielaimet.fi\/?post_type=product&#038;p=785"},"modified":"2024-03-07T21:14:01","modified_gmt":"2024-03-07T19:14:01","slug":"teatteripaketti-3","status":"publish","type":"product","link":"https:\/\/elamanielaimet.fi\/?product=teatteripaketti-3","title":{"rendered":"Teatteripaketti 3"},"content":{"rendered":"<p>Teatteriryhm\u00e4 Vivat on Mikkelin kansalaisopiston harrastajateatteriryhm\u00e4. Saimme huutokaupattavaksi kolme lippupakettia heid\u00e4n teatteriesityksens\u00e4 &#8221;Kutsutut&#8221;. Paketissa on kaksi lippua. Liput ovat <strong>14.3<\/strong> esitykseen. Esitykset Kulttuuritalo Sotkussa, Mikkeliss\u00e4. J\u00e4\u00e4k\u00e4rinkatu 9, Mikkeli.T\u00e4m\u00e4 on paketti 3.<\/p>\n","protected":false},"excerpt":{"rendered":"<p>Teatteriryhm\u00e4 Vivat on Mikkelin kansalaisopiston harrastajateatteriryhm\u00e4. Saimme huutokaupattavaksi kolme lippupakettia heid\u00e4n teatteriesityksens\u00e4 &#8221;Kutsutut&#8221;. Paketissa on kaksi lippua. Liput ovat <strong>14.3<\/strong> esitykseen. Esitykset Kulttuuritalo Sotkussa, Mikkeliss\u00e4. J\u00e4\u00e4k\u00e4rinkatu 9, Mikkeli.T\u00e4m\u00e4 on paketti 3.<img loading=\"lazy\" decoding=\"async\" class=\"alignnone size-medium wp-image-782\" src=\"https:\/\/elamanielaimet.fi\/wp-content\/uploads\/2024\/03\/Kutsutut-212x300.jpg\" alt=\"\" width=\"212\" height=\"300\" srcset=\"https:\/\/elamanielaimet.fi\/wp-content\/uploads\/2024\/03\/Kutsutut-212x300.jpg 212w, https:\/\/elamanielaimet.fi\/wp-content\/uploads\/2024\/03\/Kutsutut-248x350.jpg 248w, https:\/\/elamanielaimet.fi\/wp-content\/uploads\/2024\/03\/Kutsutut-106x150.jpg 106w, https:\/\/elamanielaimet.fi\/wp-content\/uploads\/2024\/03\/Kutsutut.jpg 566w\" sizes=\"auto, (max-width: 212px) 100vw, 212px\" \/> <a class=\"continue-reading-link\" href=\"https:\/\/elamanielaimet.fi\/?product=teatteripaketti-3\">Jatkuu&#8230;<\/a><\/p>\n","protected":false},"featured_media":783,"template":"","meta":[],"product_cat":[21],"product_tag":[],"class_list":{"0":"post-785","1":"product","2":"type-product","3":"status-publish","4":"has-post-thumbnail","6":"product_cat-huutokauppa","8":"first","9":"instock","10":"sold-individually","11":"shipping-taxable","12":"product-type-auction"},"_links":{"self":[{"href":"https:\/\/elamanielaimet.fi\/index.php?rest_route=\/wp\/v2\/product\/785","targetHints":{"allow":["GET"]}}],"collection":[{"href":"https:\/\/elamanielaimet.fi\/index.php?rest_route=\/wp\/v2\/product"}],"about":[{"href":"https:\/\/elamanielaimet.fi\/index.php?rest_route=\/wp\/v2\/types\/product"}],"wp:featuredmedia":[{"embeddable":true,"href":"https:\/\/elamanielaimet.fi\/index.php?rest_route=\/wp\/v2\/media\/783"}],"wp:attachment":[{"href":"https:\/\/elamanielaimet.fi\/index.php?rest_route=%2Fwp%2Fv2%2Fmedia&parent=785"}],"wp:term":[{"taxonomy":"product_cat","embeddable":true,"href":"https:\/\/elamanielaimet.fi\/index.php?rest_route=%2Fwp%2Fv2%2Fproduct_cat&post=785"},{"taxonomy":"product_tag","embeddable":true,"href":"https:\/\/elamanielaimet.fi\/index.php?rest_route=%2Fwp%2Fv2%2Fproduct_tag&post=785"}],"curies":[{"name":"wp","href":"https:\/\/api.w.org\/{rel}","templated":true}]}}