{"id":723,"date":"2023-11-08T17:13:41","date_gmt":"2023-11-08T15:13:41","guid":{"rendered":"http:\/\/elamanielaimet.fi\/?post_type=product&#038;p=723"},"modified":"2023-12-10T19:47:13","modified_gmt":"2023-12-10T17:47:13","slug":"nightwish-endless-forms-most-beautiful-lp-nimmareilla","status":"publish","type":"product","link":"https:\/\/elamanielaimet.fi\/?product=nightwish-endless-forms-most-beautiful-lp-nimmareilla","title":{"rendered":"&#8221;Nightwish: Endless Forms Most Beautiful&#8221; LP nimmareilla!"},"content":{"rendered":"<p><img loading=\"lazy\" decoding=\"async\" class=\"alignnone size-medium wp-image-726\" src=\"https:\/\/elamanielaimet.fi\/wp-content\/uploads\/2023\/11\/IMG_7905-1-300x288.jpg\" alt=\"\" width=\"300\" height=\"288\" srcset=\"https:\/\/elamanielaimet.fi\/wp-content\/uploads\/2023\/11\/IMG_7905-1-300x288.jpg 300w, https:\/\/elamanielaimet.fi\/wp-content\/uploads\/2023\/11\/IMG_7905-1-768x737.jpg 768w, https:\/\/elamanielaimet.fi\/wp-content\/uploads\/2023\/11\/IMG_7905-1-365x350.jpg 365w, https:\/\/elamanielaimet.fi\/wp-content\/uploads\/2023\/11\/IMG_7905-1-150x144.jpg 150w, https:\/\/elamanielaimet.fi\/wp-content\/uploads\/2023\/11\/IMG_7905-1-600x576.jpg 600w, https:\/\/elamanielaimet.fi\/wp-content\/uploads\/2023\/11\/IMG_7905-1.jpg 800w\" sizes=\"auto, (max-width: 300px) 100vw, 300px\" \/><\/p>\n<p>Tuomas Holopaisen yhdistyksellemme lahjoittama Nightwishin &#8221;Endless Forms Most Beautiful&#8221; LP yhtyeen nimmareilla nyt huutokaupassa! Rajoitettu painos numero 116 \/ 300. Nimmarit ovat p\u00e4\u00e4llysmuovissa. Postituksessa voittaneeseen huutoon lis\u00e4t\u00e4\u00e4n postituskulut.<\/p>\n<p><span class=\"jCAhz ChMk0b\"><span class=\"ryNqvb\">Nightwish&#8217;s &#8221;Endless Forms Most Beautiful&#8221; LP with the band&#8217;s autographs, donated to our association by Tuomas Holopainen, is now up for auction!<\/span><\/span> <span class=\"jCAhz ChMk0b\"><span class=\"ryNqvb\">Limited edition number 116 of 300. The autographs are on the outer plastic.<\/span><\/span> <span class=\"jCAhz ChMk0b\"><span class=\"ryNqvb\">Shipping costs are added to the winning bid.<\/span><\/span><\/p>\n","protected":false},"excerpt":{"rendered":"<p><img loading=\"lazy\" decoding=\"async\" class=\"alignnone size-medium wp-image-726\" src=\"https:\/\/elamanielaimet.fi\/wp-content\/uploads\/2023\/11\/IMG_7905-1-300x288.jpg\" alt=\"\" width=\"300\" height=\"288\" srcset=\"https:\/\/elamanielaimet.fi\/wp-content\/uploads\/2023\/11\/IMG_7905-1-300x288.jpg 300w, https:\/\/elamanielaimet.fi\/wp-content\/uploads\/2023\/11\/IMG_7905-1-768x737.jpg 768w, https:\/\/elamanielaimet.fi\/wp-content\/uploads\/2023\/11\/IMG_7905-1-365x350.jpg 365w, https:\/\/elamanielaimet.fi\/wp-content\/uploads\/2023\/11\/IMG_7905-1-150x144.jpg 150w, https:\/\/elamanielaimet.fi\/wp-content\/uploads\/2023\/11\/IMG_7905-1-600x576.jpg 600w, https:\/\/elamanielaimet.fi\/wp-content\/uploads\/2023\/11\/IMG_7905-1.jpg 800w\" sizes=\"auto, (max-width: 300px) 100vw, 300px\" \/><\/p>\n<p>Tuomas Holopaisen yhdistyksellemme lahjoittama Nightwishin &#8221;Endless Forms Most Beautiful&#8221; LP yhtyeen nimmareilla nyt huutokaupassa! Rajoitettu painos numero 116 \/ 300. Nimmarit ovat p\u00e4\u00e4llysmuovissa. Postituksessa voittaneeseen huutoon lis\u00e4t\u00e4\u00e4n postituskulut.<\/p>\n<p><span class=\"jCAhz ChMk0b\"><span class=\"ryNqvb\">Nightwish&#8217;s &#8221;Endless Forms Most Beautiful&#8221; LP with the band&#8217;s autographs, donated to our association by Tuomas Holopainen, is now up for auction!<\/span><\/span> <span class=\"jCAhz ChMk0b\"><span class=\"ryNqvb\">Limited edition number 116 of 300. The autographs are on the outer plastic.<\/span><\/span> <span class=\"jCAhz ChMk0b\"><span class=\"ryNqvb\">Shipping costs are added to the winning bid.<\/span><\/span> <a class=\"continue-reading-link\" href=\"https:\/\/elamanielaimet.fi\/?product=nightwish-endless-forms-most-beautiful-lp-nimmareilla\">Jatkuu&#8230;<\/a><\/p>\n","protected":false},"featured_media":726,"template":"","meta":[],"product_cat":[21],"product_tag":[],"class_list":{"0":"post-723","1":"product","2":"type-product","3":"status-publish","4":"has-post-thumbnail","6":"product_cat-huutokauppa","8":"first","9":"outofstock","10":"sold-individually","11":"shipping-taxable","12":"product-type-auction"},"_links":{"self":[{"href":"https:\/\/elamanielaimet.fi\/index.php?rest_route=\/wp\/v2\/product\/723","targetHints":{"allow":["GET"]}}],"collection":[{"href":"https:\/\/elamanielaimet.fi\/index.php?rest_route=\/wp\/v2\/product"}],"about":[{"href":"https:\/\/elamanielaimet.fi\/index.php?rest_route=\/wp\/v2\/types\/product"}],"wp:featuredmedia":[{"embeddable":true,"href":"https:\/\/elamanielaimet.fi\/index.php?rest_route=\/wp\/v2\/media\/726"}],"wp:attachment":[{"href":"https:\/\/elamanielaimet.fi\/index.php?rest_route=%2Fwp%2Fv2%2Fmedia&parent=723"}],"wp:term":[{"taxonomy":"product_cat","embeddable":true,"href":"https:\/\/elamanielaimet.fi\/index.php?rest_route=%2Fwp%2Fv2%2Fproduct_cat&post=723"},{"taxonomy":"product_tag","embeddable":true,"href":"https:\/\/elamanielaimet.fi\/index.php?rest_route=%2Fwp%2Fv2%2Fproduct_tag&post=723"}],"curies":[{"name":"wp","href":"https:\/\/api.w.org\/{rel}","templated":true}]}}