{"id":70,"date":"2018-01-10T18:19:22","date_gmt":"2018-01-10T16:19:22","guid":{"rendered":"http:\/\/elamanielaimet.fi\/?page_id=70"},"modified":"2024-07-30T17:57:11","modified_gmt":"2024-07-30T14:57:11","slug":"yhteystiedot","status":"publish","type":"page","link":"https:\/\/elamanielaimet.fi\/?page_id=70","title":{"rendered":"Yhteystiedot"},"content":{"rendered":"<p>Villiel\u00e4inhoitolamme toimii vapaaehtoisvoimin ja vastaamme puhelimeen aina kuin on mahdollista. Jos asia ei ole kiireellinen, laita s\u00e4hk\u00f6postia asiasta osoitteeseen ilmoitus@elamanielaimet.fi. Jos asia on kiireellinen, (el\u00e4in todella h\u00e4d\u00e4ss\u00e4\/ilmeisesti h\u00e4d\u00e4ss\u00e4, el\u00e4insuojelu\/mets\u00e4styslakia rikotaan eik\u00e4 viranomaisia saa paikalle yms.) niin soittakaa numeroon 045 78716478<\/p>\n<p>Osoitteemme on:<br \/>\nEl\u00e4m\u00e4ni El\u00e4imet ry<br \/>\nAnssinkatu 2<br \/>\n50170 Mikkeli<br \/>\nPuhelin: 045 78716478<\/p>\n<p>Pankkitili: FI60 5271 0420 3922 10<\/p>\n","protected":false},"excerpt":{"rendered":"<p>Villiel\u00e4inhoitolamme toimii vapaaehtoisvoimin ja vastaamme puhelimeen aina kuin on mahdollista. Jos asia ei ole kiireellinen, laita s\u00e4hk\u00f6postia asiasta osoitteeseen ilmoitus@elamanielaimet.fi. Jos asia on kiireellinen, (el\u00e4in todella h\u00e4d\u00e4ss\u00e4\/ilmeisesti h\u00e4d\u00e4ss\u00e4, el\u00e4insuojelu\/mets\u00e4styslakia rikotaan eik\u00e4 viranomaisia saa paikalle yms.) niin soittakaa numeroon 045 78716478 Osoitteemme on: El\u00e4m\u00e4ni El\u00e4imet ry Anssinkatu 2 50170 Mikkeli Puhelin:\u2026 <a class=\"continue-reading-link\" href=\"https:\/\/elamanielaimet.fi\/?page_id=70\">Jatkuu&#8230;<\/a><\/p>\n","protected":false},"author":1,"featured_media":0,"parent":0,"menu_order":0,"comment_status":"closed","ping_status":"closed","template":"","meta":{"footnotes":""},"class_list":["post-70","page","type-page","status-publish","hentry"],"_links":{"self":[{"href":"https:\/\/elamanielaimet.fi\/index.php?rest_route=\/wp\/v2\/pages\/70","targetHints":{"allow":["GET"]}}],"collection":[{"href":"https:\/\/elamanielaimet.fi\/index.php?rest_route=\/wp\/v2\/pages"}],"about":[{"href":"https:\/\/elamanielaimet.fi\/index.php?rest_route=\/wp\/v2\/types\/page"}],"author":[{"embeddable":true,"href":"https:\/\/elamanielaimet.fi\/index.php?rest_route=\/wp\/v2\/users\/1"}],"replies":[{"embeddable":true,"href":"https:\/\/elamanielaimet.fi\/index.php?rest_route=%2Fwp%2Fv2%2Fcomments&post=70"}],"version-history":[{"count":7,"href":"https:\/\/elamanielaimet.fi\/index.php?rest_route=\/wp\/v2\/pages\/70\/revisions"}],"predecessor-version":[{"id":811,"href":"https:\/\/elamanielaimet.fi\/index.php?rest_route=\/wp\/v2\/pages\/70\/revisions\/811"}],"wp:attachment":[{"href":"https:\/\/elamanielaimet.fi\/index.php?rest_route=%2Fwp%2Fv2%2Fmedia&parent=70"}],"curies":[{"name":"wp","href":"https:\/\/api.w.org\/{rel}","templated":true}]}}