{"id":54,"date":"2017-12-04T13:58:52","date_gmt":"2017-12-04T11:58:52","guid":{"rendered":"http:\/\/elamanielaimet.fi\/?page_id=54"},"modified":"2022-11-24T23:09:48","modified_gmt":"2022-11-24T21:09:48","slug":"varainhankinta","status":"publish","type":"page","link":"https:\/\/elamanielaimet.fi\/?page_id=54","title":{"rendered":"Varainhankinta"},"content":{"rendered":"<p>Hankimme varoja toimintaamme mm. kirpputorimyynnill\u00e4. Otamme mielell\u00e4mme vastaan tavaraa kirpputorimyynti\u00e4 varten. Kirpputorimyynti on t\u00e4ll\u00e4 hetkell\u00e4 t\u00e4rkein tulonl\u00e4hteemme. Jos haluat lahjoittaa tavaraa kirpparip\u00f6yt\u00e4\u00e4mme, ota yhteytt\u00e4! <a href=\"https:\/\/elamanielaimet.fi\/?page_id=70\">Yhteystiedot<\/a>.<\/p>\n<p>Iso kiitos kaikille jotka ovat jo avustaneet yhdistyst\u00e4mme liittym\u00e4ll\u00e4 j\u00e4seneksi tai lahjoittamalla kirpputori -ja k\u00e4ytt\u00f6tavaraa tai el\u00e4inten ruokaa!<\/p>\n<p>Voit lahjoittaa yhdistyksellemme rahaa my\u00f6s <strong>MobilePay<\/strong> -ohjelmalla lyhytnumerolla 84630.<\/p>\n<p>Yhdistyksell\u00e4mme on toistaiseksi voimassa oleva rahanker\u00e4yslupa. Alla tiedot luvasta ja maksuohjeet.<\/p>\n<p>Lupa nro: RA\/2021\/936<br \/>\nKer\u00e4tyill\u00e4 varoilla katetaan el\u00e4inpelastusauton k\u00e4yt\u00f6st\u00e4 aiheutuvia kustannuksia, hoitoel\u00e4inten l\u00e4\u00e4kint\u00e4- ja ruokintakustannuksia sek\u00e4 el\u00e4inten hoitoon tarvittavien tilojen ja tarvikkeiden rakennus- ja hankintakustannuksia<br \/>\nToissijainen k\u00e4ytt\u00f6tarkoitus:<br \/>\nEl\u00e4inl\u00e4\u00e4k\u00e4rikulut<br \/>\n===================<\/p>\n<p>Tilin omistaja: El\u00e4m\u00e4ni El\u00e4imet ry<br \/>\nTilinumero: FI60 5271 0420 3922 10<br \/>\nMaksun viitenumero: 18115<\/p>\n<p>Kiitos avustasi!<\/p>\n","protected":false},"excerpt":{"rendered":"<p>Hankimme varoja toimintaamme mm. kirpputorimyynnill\u00e4. Otamme mielell\u00e4mme vastaan tavaraa kirpputorimyynti\u00e4 varten. Kirpputorimyynti on t\u00e4ll\u00e4 hetkell\u00e4 t\u00e4rkein tulonl\u00e4hteemme. Jos haluat lahjoittaa tavaraa kirpparip\u00f6yt\u00e4\u00e4mme, ota yhteytt\u00e4! Yhteystiedot. Iso kiitos kaikille jotka ovat jo avustaneet yhdistyst\u00e4mme liittym\u00e4ll\u00e4 j\u00e4seneksi tai lahjoittamalla kirpputori -ja k\u00e4ytt\u00f6tavaraa tai el\u00e4inten ruokaa! Voit lahjoittaa yhdistyksellemme rahaa my\u00f6s MobilePay -ohjelmalla\u2026 <a class=\"continue-reading-link\" href=\"https:\/\/elamanielaimet.fi\/?page_id=54\">Jatkuu&#8230;<\/a><\/p>\n","protected":false},"author":1,"featured_media":0,"parent":0,"menu_order":0,"comment_status":"closed","ping_status":"closed","template":"","meta":{"footnotes":""},"class_list":["post-54","page","type-page","status-publish","hentry"],"_links":{"self":[{"href":"https:\/\/elamanielaimet.fi\/index.php?rest_route=\/wp\/v2\/pages\/54","targetHints":{"allow":["GET"]}}],"collection":[{"href":"https:\/\/elamanielaimet.fi\/index.php?rest_route=\/wp\/v2\/pages"}],"about":[{"href":"https:\/\/elamanielaimet.fi\/index.php?rest_route=\/wp\/v2\/types\/page"}],"author":[{"embeddable":true,"href":"https:\/\/elamanielaimet.fi\/index.php?rest_route=\/wp\/v2\/users\/1"}],"replies":[{"embeddable":true,"href":"https:\/\/elamanielaimet.fi\/index.php?rest_route=%2Fwp%2Fv2%2Fcomments&post=54"}],"version-history":[{"count":12,"href":"https:\/\/elamanielaimet.fi\/index.php?rest_route=\/wp\/v2\/pages\/54\/revisions"}],"predecessor-version":[{"id":499,"href":"https:\/\/elamanielaimet.fi\/index.php?rest_route=\/wp\/v2\/pages\/54\/revisions\/499"}],"wp:attachment":[{"href":"https:\/\/elamanielaimet.fi\/index.php?rest_route=%2Fwp%2Fv2%2Fmedia&parent=54"}],"curies":[{"name":"wp","href":"https:\/\/api.w.org\/{rel}","templated":true}]}}