{"id":41,"date":"2017-11-20T17:25:26","date_gmt":"2017-11-20T15:25:26","guid":{"rendered":"http:\/\/elamanielaimet.fi\/?page_id=41"},"modified":"2017-11-20T18:08:38","modified_gmt":"2017-11-20T16:08:38","slug":"luennot","status":"publish","type":"page","link":"https:\/\/elamanielaimet.fi\/?page_id=41","title":{"rendered":"Luennot"},"content":{"rendered":"<p>El\u00e4inhoitoty\u00f6h\u00f6mme kuuluu my\u00f6s opastaminen ja luennointi esim. oppilaitoksissa ja leireill\u00e4. K\u00e4ymme mielell\u00e4mme kertomassa luonnonvaraisten el\u00e4inten hoidosta ja neuvomassa el\u00e4inten kohteluun ja auttamiseen liittyviss\u00e4 asioissa.<\/p>\n<div id=\"attachment_45\" style=\"width: 930px\" class=\"wp-caption alignnone\"><img loading=\"lazy\" decoding=\"async\" aria-describedby=\"caption-attachment-45\" class=\"wp-image-45 size-large\" src=\"https:\/\/elamanielaimet.fi\/wp-content\/uploads\/2017\/11\/luento_riuttala_edit-1024x768.jpg\" alt=\"\" width=\"920\" height=\"690\" srcset=\"https:\/\/elamanielaimet.fi\/wp-content\/uploads\/2017\/11\/luento_riuttala_edit-1024x768.jpg 1024w, https:\/\/elamanielaimet.fi\/wp-content\/uploads\/2017\/11\/luento_riuttala_edit-600x450.jpg 600w, https:\/\/elamanielaimet.fi\/wp-content\/uploads\/2017\/11\/luento_riuttala_edit-300x225.jpg 300w, https:\/\/elamanielaimet.fi\/wp-content\/uploads\/2017\/11\/luento_riuttala_edit-768x576.jpg 768w, https:\/\/elamanielaimet.fi\/wp-content\/uploads\/2017\/11\/luento_riuttala_edit-467x350.jpg 467w, https:\/\/elamanielaimet.fi\/wp-content\/uploads\/2017\/11\/luento_riuttala_edit-150x113.jpg 150w, https:\/\/elamanielaimet.fi\/wp-content\/uploads\/2017\/11\/luento_riuttala_edit.jpg 1600w\" sizes=\"auto, (max-width: 920px) 100vw, 920px\" \/><p id=\"caption-attachment-45\" class=\"wp-caption-text\">Luento Susiniemen leirikeskuksessa Mikkeliss\u00e4<\/p><\/div>\n","protected":false},"excerpt":{"rendered":"<p>El\u00e4inhoitoty\u00f6h\u00f6mme kuuluu my\u00f6s opastaminen ja luennointi esim. oppilaitoksissa ja leireill\u00e4. K\u00e4ymme mielell\u00e4mme kertomassa luonnonvaraisten el\u00e4inten hoidosta ja neuvomassa el\u00e4inten kohteluun ja auttamiseen liittyviss\u00e4 asioissa. <a class=\"continue-reading-link\" href=\"https:\/\/elamanielaimet.fi\/?page_id=41\">Jatkuu&#8230;<\/a><\/p>\n","protected":false},"author":1,"featured_media":0,"parent":0,"menu_order":0,"comment_status":"closed","ping_status":"closed","template":"","meta":{"footnotes":""},"class_list":["post-41","page","type-page","status-publish","hentry"],"_links":{"self":[{"href":"https:\/\/elamanielaimet.fi\/index.php?rest_route=\/wp\/v2\/pages\/41","targetHints":{"allow":["GET"]}}],"collection":[{"href":"https:\/\/elamanielaimet.fi\/index.php?rest_route=\/wp\/v2\/pages"}],"about":[{"href":"https:\/\/elamanielaimet.fi\/index.php?rest_route=\/wp\/v2\/types\/page"}],"author":[{"embeddable":true,"href":"https:\/\/elamanielaimet.fi\/index.php?rest_route=\/wp\/v2\/users\/1"}],"replies":[{"embeddable":true,"href":"https:\/\/elamanielaimet.fi\/index.php?rest_route=%2Fwp%2Fv2%2Fcomments&post=41"}],"version-history":[{"count":3,"href":"https:\/\/elamanielaimet.fi\/index.php?rest_route=\/wp\/v2\/pages\/41\/revisions"}],"predecessor-version":[{"id":47,"href":"https:\/\/elamanielaimet.fi\/index.php?rest_route=\/wp\/v2\/pages\/41\/revisions\/47"}],"wp:attachment":[{"href":"https:\/\/elamanielaimet.fi\/index.php?rest_route=%2Fwp%2Fv2%2Fmedia&parent=41"}],"curies":[{"name":"wp","href":"https:\/\/api.w.org\/{rel}","templated":true}]}}