{"id":14,"date":"2017-11-20T11:18:08","date_gmt":"2017-11-20T09:18:08","guid":{"rendered":"http:\/\/elamanielaimet.fi\/?page_id=14"},"modified":"2023-02-26T20:17:55","modified_gmt":"2023-02-26T18:17:55","slug":"elaimet-hoitolassa","status":"publish","type":"page","link":"https:\/\/elamanielaimet.fi\/?page_id=14","title":{"rendered":"El\u00e4imet hoitolassa"},"content":{"rendered":"<div id=\"attachment_57\" style=\"width: 970px\" class=\"wp-caption alignnone\"><img loading=\"lazy\" decoding=\"async\" aria-describedby=\"caption-attachment-57\" class=\"wp-image-57 size-full\" src=\"https:\/\/elamanielaimet.fi\/wp-content\/uploads\/2017\/11\/hakki.jpg\" alt=\"\" width=\"960\" height=\"720\" srcset=\"https:\/\/elamanielaimet.fi\/wp-content\/uploads\/2017\/11\/hakki.jpg 960w, https:\/\/elamanielaimet.fi\/wp-content\/uploads\/2017\/11\/hakki-600x450.jpg 600w, https:\/\/elamanielaimet.fi\/wp-content\/uploads\/2017\/11\/hakki-300x225.jpg 300w, https:\/\/elamanielaimet.fi\/wp-content\/uploads\/2017\/11\/hakki-768x576.jpg 768w, https:\/\/elamanielaimet.fi\/wp-content\/uploads\/2017\/11\/hakki-467x350.jpg 467w, https:\/\/elamanielaimet.fi\/wp-content\/uploads\/2017\/11\/hakki-150x113.jpg 150w\" sizes=\"auto, (max-width: 960px) 100vw, 960px\" \/><p id=\"caption-attachment-57\" class=\"wp-caption-text\">Sis\u00e4tilan tilava hoitoh\u00e4kki<\/p><\/div>\n<div id=\"attachment_18\" style=\"width: 235px\" class=\"wp-caption alignright\"><img loading=\"lazy\" decoding=\"async\" aria-describedby=\"caption-attachment-18\" class=\"wp-image-18 size-medium\" src=\"https:\/\/elamanielaimet.fi\/wp-content\/uploads\/2017\/11\/IMG_6354-e1511169850560-225x300.jpg\" alt=\"\" width=\"225\" height=\"300\" srcset=\"https:\/\/elamanielaimet.fi\/wp-content\/uploads\/2017\/11\/IMG_6354-e1511169850560-225x300.jpg 225w, https:\/\/elamanielaimet.fi\/wp-content\/uploads\/2017\/11\/IMG_6354-e1511169850560-600x800.jpg 600w, https:\/\/elamanielaimet.fi\/wp-content\/uploads\/2017\/11\/IMG_6354-e1511169850560-768x1024.jpg 768w, https:\/\/elamanielaimet.fi\/wp-content\/uploads\/2017\/11\/IMG_6354-e1511169850560-263x350.jpg 263w, https:\/\/elamanielaimet.fi\/wp-content\/uploads\/2017\/11\/IMG_6354-e1511169850560-113x150.jpg 113w\" sizes=\"auto, (max-width: 225px) 100vw, 225px\" \/><p id=\"caption-attachment-18\" class=\"wp-caption-text\">Sarvip\u00f6ll\u00f6n poikanen<\/p><\/div>\n<p>Hoitolamme sijaitsee Mikkeliss\u00e4 ja hoitotila on rakennettu omakotitalomme kellaritiloihin. Puutarhassamme on lis\u00e4ksi kolme ulkotarhaa jotka ovat kovassa k\u00e4yt\u00f6ss\u00e4. Suurimmassa ulkotarhassa kookaskin lintu pystyy tekem\u00e4\u00e4n lentoharjoituksia.<\/p>\n<p>Hoitoon tullessaan luonnonvarainen el\u00e4in viett\u00e4\u00e4 hoidontarpeesta riippuen aikaa sis\u00e4tiloissa muutamista p\u00e4ivist\u00e4 jopa useisiin kuukausiin. Tyypillinen &#8221;asiakas&#8221; on ikkunaan tai muuhun esteeseen (kuten esim. autoon) t\u00f6rm\u00e4nnyt lintu. Viime aikoina hoitoon on tullut useita petolintuja joista osa on ollut selv\u00e4sti t\u00f6rm\u00e4ysonnettomuudessa. Joissakin tapauksissa lintu virkoaa varsin nopeasti ja se voidaan vapauttaa jopa samana p\u00e4iv\u00e4n\u00e4 hoidon alkamisesta. Tyypillisesti nopeastikin vironnut lintu on kuitenkin hoitotiloissa ainakin y\u00f6n yli. N\u00e4in sen kunnosta ja luontoonpalauttamisedellytyksist\u00e4 voidaan olla varmoja. P\u00f6ll\u00f6t viihtyv\u00e4t hoidossa varsin hyvin ja niiden ruokkiminen hoitotilanteessa on helpompaa kuin monien muiden lintujen. Syyskuussa vapautimme takaisin luontoon varpusp\u00f6ll\u00f6n joka nautiskeli hoitolamme t\u00e4ysihoidosta kaksi viikkoa. Hoitoon tullessaan p\u00f6ll\u00f6 aristi toista jalkaansa ja sen toinen silm\u00e4 pysyi koko ajan kiinni. Viikon kuluessa molemmat jalat toimivat normaalisti, samoin molemmat silm\u00e4t. Ruoaksi tarjotut lihasuikaleet se oppi &#8221;p\u00f6ll\u00f6m\u00e4isesti&#8221; repim\u00e4\u00e4n itse sopivan kokoisiksi paloiksi. Vapautustilanteessa varpusp\u00f6ll\u00f6 lensi saman tien mets\u00e4n k\u00e4tk\u00f6ihin ja korkealle puuhun.<\/p>\n<div id=\"attachment_20\" style=\"width: 235px\" class=\"wp-caption alignright\"><img loading=\"lazy\" decoding=\"async\" aria-describedby=\"caption-attachment-20\" class=\"wp-image-20\" src=\"https:\/\/elamanielaimet.fi\/wp-content\/uploads\/2017\/11\/pikkusiili-209x300.jpg\" alt=\"\" width=\"225\" height=\"322\" srcset=\"https:\/\/elamanielaimet.fi\/wp-content\/uploads\/2017\/11\/pikkusiili-209x300.jpg 209w, https:\/\/elamanielaimet.fi\/wp-content\/uploads\/2017\/11\/pikkusiili-600x860.jpg 600w, https:\/\/elamanielaimet.fi\/wp-content\/uploads\/2017\/11\/pikkusiili-244x350.jpg 244w, https:\/\/elamanielaimet.fi\/wp-content\/uploads\/2017\/11\/pikkusiili-105x150.jpg 105w, https:\/\/elamanielaimet.fi\/wp-content\/uploads\/2017\/11\/pikkusiili.jpg 670w\" sizes=\"auto, (max-width: 225px) 100vw, 225px\" \/><p id=\"caption-attachment-20\" class=\"wp-caption-text\">Orvoksi j\u00e4\u00e4nyt siilinpoikanen<\/p><\/div>\n<p>Yleisimm\u00e4t hoitolamme asiakkaat ovat oravan ja rusakon poikaset. Rusakon poikasia hoitolaamme saapuu edelleen hoitoon &#8221;turhaan&#8221; eli poikasen on luultu olevan h\u00e4d\u00e4ss\u00e4 ja se on otettu talteen ruohikon tai pensaiden k\u00e4tk\u00f6st\u00e4 sen ollessa vain piilossa odottamassa emoaan. Rusakolla on mielenkiintoinen tapa huolehtia j\u00e4lkikasvustaan. Poikasilla on karvapeite jo syntym\u00e4n hetkell\u00e4 ja emo synnytt\u00e4\u00e4 poikasiaan eri paikkoihin varmistuen n\u00e4in siit\u00e4 ett\u00e4 jos petoel\u00e4in l\u00f6yt\u00e4\u00e4 synnytyspaikan, se ei tapa koko poikuetta yhdell\u00e4 kertaa. Poikaset kyyh\u00f6tt\u00e4v\u00e4t koko p\u00e4iv\u00e4n yhdess\u00e4 paikassa luottaen hyv\u00e4\u00e4n suojav\u00e4riins\u00e4 ja hajuttomuuteensa. Emo k\u00e4y ruokkimassa poikasia jopa vain kerran vuorokaudessa. Muun ajan poikaset ovat yksin. Jos ihminen koskee poikasiin, on hajuttomuuden tuoma turva helposti menetetty. Kerran &#8221;turvaan&#8221; otettua poikasta ei voi en\u00e4\u00e4 palauttaa takaisin emolleen. Rusakko on eritt\u00e4in vaativa hoidon suhteen ja sen paras hoitaja on oma emo. Joissakin tilanteissa ihmisen on pakko puuttua asiaan. Pieni rusakko saattaa harhautua vaaralliseen paikkaan esim. varislintujen h\u00e4tyytt\u00e4m\u00e4n\u00e4 ja sen siirtoa takaisin piilopaikkaan voi yritt\u00e4\u00e4 varovaisuutta noudattaen. Mik\u00e4li saatavilla ei ole hansikkaita, voi poikasen nostaa vaikkapa hein\u00e4nkorsia k\u00e4ytt\u00e4en ja asettaa takaisin pensaiden alle josta se oletettavasti on pakoon ajettukin. Rusakkoemo l\u00f6yt\u00e4\u00e4 poikasensa kunhan siirtomatka ei ole ollut liian pitk\u00e4. Kaupunkioloissa poikanen voi harhautua liikenteen uhkaamaksi eik\u00e4 sen alkuper\u00e4ist\u00e4 lymypaikkaa voi varmuudella tiet\u00e4\u00e4. T\u00e4ll\u00f6in tulisi ottaa yhteys paikalliseen el\u00e4insuojeluyhdistykseen tai suoraan meihin. Olemme itse hoitaneet lukuisia pelastusoperaatioita joissa ainoa oikea vaihtoehto on ollut ottaa poikanen ihmisten hoidettavaksi. Aina kannattaa ottaa yhteytt\u00e4 asiantuntevaan tahoon joka k\u00e4y varmistamassa poikasen turvallisuuden mik\u00e4li olet itse ep\u00e4varma siit\u00e4 mit\u00e4 tilanteessa pit\u00e4isi tehd\u00e4.<\/p>\n<p>Hoitolamme hoitaa kaikenlaisia el\u00e4imi\u00e4 jotka kokonsa puolesta pystymme hoitoon ottamaan ja hoitamaan. Emme arvioi hoidontarvetta lajin vaan pelk\u00e4st\u00e4\u00e4n vamman perusteella. Mik\u00e4li emme jotain el\u00e4int\u00e4 pysty tiloissamme hoitamaan, pyrimme j\u00e4rjest\u00e4m\u00e4\u00e4n el\u00e4imelle hoitopaikan yhteisty\u00f6verkostomme avulla. MIT\u00c4\u00c4N el\u00e4int\u00e4 ei saa j\u00e4tt\u00e4\u00e4 h\u00e4d\u00e4nalaiseen tilaan! El\u00e4insuojelulakikin velvoittaa auttamaan loukkaantunutta tai h\u00e4d\u00e4nalaisessa tilassa olevaa el\u00e4int\u00e4. Sanonta &#8221;antaa luonnon hoitaa&#8221;, silloin kun kysymyksess\u00e4 on loukkaantunut luonnonvarainen el\u00e4in, saa veremme helposti kiehumaan. Suuri osa hoitoomme tulevista villiel\u00e4imist\u00e4 on loukkaantunut tai poikanen j\u00e4\u00e4nyt orvoksi ihmisen toiminnan takia. Jos el\u00e4imell\u00e4 on edellytys hoidon j\u00e4lkeen palata takaisin luontoon, se palautetaan.<\/p>\n<p>Kaikkia hoitoon tulleita el\u00e4imi\u00e4 emme valitettavasti pysty auttamaan. Mik\u00e4li el\u00e4in on niin vaikeasti loukkaantunut ett\u00e4 se ei en\u00e4\u00e4 kykene el\u00e4m\u00e4\u00e4n villiel\u00e4imen arvoista el\u00e4m\u00e4\u00e4, lopetamme el\u00e4imen kivuttomasti. Joskus el\u00e4in kuolee my\u00f6s hoidon aikana. Villiel\u00e4imen vaisto ohjaa sit\u00e4 k\u00e4tkem\u00e4\u00e4n heikkoutensa ja ulkoisesti vahingoittumaton el\u00e4in voi yll\u00e4tt\u00e4en kuolla sis\u00e4isiin vammoihin. Vuosien kokemuksella ensimm\u00e4iset kolme hoitovuorokautta ovat ne kriittisimm\u00e4t. Hoitoon tullut el\u00e4in pyrit\u00e4\u00e4n ennen ensimm\u00e4ist\u00e4 l\u00e4\u00e4kityst\u00e4, tutkimista tai ruokkimista ensin rauhoittamaan eli sen annetaan olla l\u00e4mpim\u00e4ss\u00e4 ilman h\u00e4irint\u00e4\u00e4. Hoitoel\u00e4inten seurassa ollaan vain silloin kun ruokinnan, l\u00e4\u00e4kityksen tai tutkimusten kannalta on v\u00e4ltt\u00e4m\u00e4t\u00f6nt\u00e4. El\u00e4imi\u00e4 ei totuteta ihmisten seuraan. Muutoin vapauttaminen luontoon ei ole turvallista.<\/p>\n<div id=\"attachment_43\" style=\"width: 235px\" class=\"wp-caption alignright\"><img loading=\"lazy\" decoding=\"async\" aria-describedby=\"caption-attachment-43\" class=\"wp-image-43 size-medium\" src=\"https:\/\/elamanielaimet.fi\/wp-content\/uploads\/2017\/11\/IMG_5642-225x300.jpg\" alt=\"\" width=\"225\" height=\"300\" srcset=\"https:\/\/elamanielaimet.fi\/wp-content\/uploads\/2017\/11\/IMG_5642-225x300.jpg 225w, https:\/\/elamanielaimet.fi\/wp-content\/uploads\/2017\/11\/IMG_5642-600x800.jpg 600w, https:\/\/elamanielaimet.fi\/wp-content\/uploads\/2017\/11\/IMG_5642-768x1024.jpg 768w, https:\/\/elamanielaimet.fi\/wp-content\/uploads\/2017\/11\/IMG_5642-263x350.jpg 263w, https:\/\/elamanielaimet.fi\/wp-content\/uploads\/2017\/11\/IMG_5642-113x150.jpg 113w\" sizes=\"auto, (max-width: 225px) 100vw, 225px\" \/><p id=\"caption-attachment-43\" class=\"wp-caption-text\">Muuttomatkalla mets\u00e4ojaan v\u00e4s\u00e4ht\u00e4nyt aikuinen laulujoutsen<\/p><\/div>\n<p>Vuoden 2022 aikana hoitolaamme tuli 242 el\u00e4int\u00e4 ja vuosi olikin todella vilkas. El\u00e4inteht\u00e4viin kuuluu my\u00f6s el\u00e4inten terveyden turvaaminen muualla kuin hoitolassa ja yleisi\u00e4 teht\u00e4vi\u00e4 kes\u00e4isin ovat lokinpoikasten siirto kaupungin vilin\u00e4st\u00e4 rauhallisempaan paikkaan. Lokinpoikasen siirrossa on t\u00e4rke\u00e4\u00e4 pit\u00e4\u00e4 huolta siit\u00e4 ett\u00e4 emon katsekontakti poikaseen s\u00e4ilyy. My\u00f6s sis\u00e4tiloihin eksyneiden lintujen ja mm. oravien pyydyst\u00e4minen ja palautus ulos on yhdistyksemme yleisi\u00e4 teht\u00e4vi\u00e4.<\/p>\n<p>Petolintuja tulee hoitolaamme aina vain enemm\u00e4n. Tyypillisin esimerkki hoitoon ajautuneesta petolinnusta on viirup\u00f6ll\u00f6. Myyr\u00e4vuoden ollessa huono ja kun lumihangen kovuus ja paksuus vaikeuttaa p\u00f6ll\u00f6jen ruoanhankintaa, moni viirup\u00f6ll\u00f6 n\u00e4kee n\u00e4lk\u00e4\u00e4 ja jopa kuolee n\u00e4lk\u00e4\u00e4n. Vaikeudet jatkuvat lumien sulamiseen saakka. Talon pihaan ilmestyv\u00e4 viirup\u00f6ll\u00f6 on usein merkki siit\u00e4 ett\u00e4 ruoka on v\u00e4hiss\u00e4. Viirup\u00f6ll\u00f6 asettuu silloin vahtimaan lintujen ruokintapaikalla mahdollisesti vierailevia hiiri\u00e4 ja myyri\u00e4.<\/p>\n","protected":false},"excerpt":{"rendered":"<p>Hoitolamme sijaitsee Mikkeliss\u00e4 ja hoitotila on rakennettu omakotitalomme kellaritiloihin. Puutarhassamme on lis\u00e4ksi kolme ulkotarhaa jotka ovat kovassa k\u00e4yt\u00f6ss\u00e4. Suurimmassa ulkotarhassa kookaskin lintu pystyy tekem\u00e4\u00e4n lentoharjoituksia. Hoitoon tullessaan luonnonvarainen el\u00e4in viett\u00e4\u00e4 hoidontarpeesta riippuen aikaa sis\u00e4tiloissa muutamista p\u00e4ivist\u00e4 jopa useisiin kuukausiin. Tyypillinen &#8221;asiakas&#8221; on ikkunaan tai muuhun esteeseen (kuten esim. autoon) t\u00f6rm\u00e4nnyt\u2026 <a class=\"continue-reading-link\" href=\"https:\/\/elamanielaimet.fi\/?page_id=14\">Jatkuu&#8230;<\/a><\/p>\n","protected":false},"author":1,"featured_media":0,"parent":0,"menu_order":0,"comment_status":"closed","ping_status":"closed","template":"","meta":{"footnotes":""},"class_list":["post-14","page","type-page","status-publish","hentry"],"_links":{"self":[{"href":"https:\/\/elamanielaimet.fi\/index.php?rest_route=\/wp\/v2\/pages\/14","targetHints":{"allow":["GET"]}}],"collection":[{"href":"https:\/\/elamanielaimet.fi\/index.php?rest_route=\/wp\/v2\/pages"}],"about":[{"href":"https:\/\/elamanielaimet.fi\/index.php?rest_route=\/wp\/v2\/types\/page"}],"author":[{"embeddable":true,"href":"https:\/\/elamanielaimet.fi\/index.php?rest_route=\/wp\/v2\/users\/1"}],"replies":[{"embeddable":true,"href":"https:\/\/elamanielaimet.fi\/index.php?rest_route=%2Fwp%2Fv2%2Fcomments&post=14"}],"version-history":[{"count":43,"href":"https:\/\/elamanielaimet.fi\/index.php?rest_route=\/wp\/v2\/pages\/14\/revisions"}],"predecessor-version":[{"id":604,"href":"https:\/\/elamanielaimet.fi\/index.php?rest_route=\/wp\/v2\/pages\/14\/revisions\/604"}],"wp:attachment":[{"href":"https:\/\/elamanielaimet.fi\/index.php?rest_route=%2Fwp%2Fv2%2Fmedia&parent=14"}],"curies":[{"name":"wp","href":"https:\/\/api.w.org\/{rel}","templated":true}]}}