{"id":136,"date":"2018-03-27T15:07:47","date_gmt":"2018-03-27T12:07:47","guid":{"rendered":"http:\/\/elamanielaimet.fi\/?page_id=136"},"modified":"2023-12-26T18:30:16","modified_gmt":"2023-12-26T16:30:16","slug":"yhdistys","status":"publish","type":"page","link":"https:\/\/elamanielaimet.fi\/?page_id=136","title":{"rendered":"Yhdistys"},"content":{"rendered":"<p>El\u00e4m\u00e4ni El\u00e4imet ry:n hallitukseen kuuluu puheenjohtaja ja kolme j\u00e4sent\u00e4.<br \/>\nHallituksen kokoonpano vuonna 2023:<\/p>\n<p>Jarmo Lautam\u00e4ki, puheenjohtaja<br \/>\nSuoma Lautam\u00e4ki, varapuheenjohtaja<br \/>\nJanita Lautam\u00e4ki, sihteeri<br \/>\nLarissa Lautam\u00e4ki, rahastonhoitaja<\/p>\n<p>Yhdistys pit\u00e4\u00e4 kev\u00e4tkokouksen tammi-toukokuussa, jolloin p\u00e4\u00e4tet\u00e4\u00e4n mm.\u00a0hallituksen kokoonpanosta, toimintasuunnitelmasta ja\u00a0j\u00e4senmaksun suuruudesta sek\u00e4 tulo- ja menoarviosta tulevalle toimintavuodelle.\u00a0 Yhdistyksen j\u00e4senet kutsutaan koolle julkaisemalla kutsu paikkakunnalla ilmestyv\u00e4ss\u00e4 lehdess\u00e4 viimeist\u00e4\u00e4n viikkoa ennen kokousta.<\/p>\n<p><a href=\"https:\/\/elamanielaimet.fi\/wp-content\/uploads\/2023\/02\/toimintakertomus_2022.pdf\">TOIMINTAKERTOMUS_2022 (PDF -dokumentti)<\/a><a href=\"https:\/\/elamanielaimet.fi\/wp-content\/uploads\/2018\/03\/TOIMINTAKERTOMUS_2017.pdf\"><br \/>\n<\/a><a href=\"https:\/\/elamanielaimet.fi\/wp-content\/uploads\/2018\/03\/yhdistyksen_saannot.pdf\">Yhdistyksen s\u00e4\u00e4nn\u00f6t (PDF -dokumentti)<\/a><\/p>\n<p><strong>J\u00e4seneksi?<\/strong><\/p>\n<p>Voit liitty\u00e4 El\u00e4m\u00e4ni El\u00e4imet ry:n j\u00e4seneksi maksamalla j\u00e4senmaksun. J\u00e4senmaksun voit maksaa k\u00e4tev\u00e4sti tilaamalla tuotteen &#8221;J\u00e4senmaksu&#8221; verkkokaupastamme. Linkin kauppaan l\u00f6yd\u00e4t yl\u00e4palkista. Maksettuasi j\u00e4senmaksun l\u00e4het\u00e4mme sinulle digitaalisen j\u00e4senkortin tilauksen yhteydess\u00e4 antamaasi puhelinnumeroon. Kaikki j\u00e4senmaksut k\u00e4ytet\u00e4\u00e4n yhdistyksen toiminnan yll\u00e4pit\u00e4miseen.<\/p>\n","protected":false},"excerpt":{"rendered":"<p>El\u00e4m\u00e4ni El\u00e4imet ry:n hallitukseen kuuluu puheenjohtaja ja kolme j\u00e4sent\u00e4. Hallituksen kokoonpano vuonna 2023: Jarmo Lautam\u00e4ki, puheenjohtaja Suoma Lautam\u00e4ki, varapuheenjohtaja Janita Lautam\u00e4ki, sihteeri Larissa Lautam\u00e4ki, rahastonhoitaja Yhdistys pit\u00e4\u00e4 kev\u00e4tkokouksen tammi-toukokuussa, jolloin p\u00e4\u00e4tet\u00e4\u00e4n mm.\u00a0hallituksen kokoonpanosta, toimintasuunnitelmasta ja\u00a0j\u00e4senmaksun suuruudesta sek\u00e4 tulo- ja menoarviosta tulevalle toimintavuodelle.\u00a0 Yhdistyksen j\u00e4senet kutsutaan koolle julkaisemalla kutsu paikkakunnalla ilmestyv\u00e4ss\u00e4\u2026 <a class=\"continue-reading-link\" href=\"https:\/\/elamanielaimet.fi\/?page_id=136\">Jatkuu&#8230;<\/a><\/p>\n","protected":false},"author":1,"featured_media":0,"parent":0,"menu_order":7,"comment_status":"closed","ping_status":"closed","template":"","meta":{"footnotes":""},"class_list":["post-136","page","type-page","status-publish","hentry"],"_links":{"self":[{"href":"https:\/\/elamanielaimet.fi\/index.php?rest_route=\/wp\/v2\/pages\/136","targetHints":{"allow":["GET"]}}],"collection":[{"href":"https:\/\/elamanielaimet.fi\/index.php?rest_route=\/wp\/v2\/pages"}],"about":[{"href":"https:\/\/elamanielaimet.fi\/index.php?rest_route=\/wp\/v2\/types\/page"}],"author":[{"embeddable":true,"href":"https:\/\/elamanielaimet.fi\/index.php?rest_route=\/wp\/v2\/users\/1"}],"replies":[{"embeddable":true,"href":"https:\/\/elamanielaimet.fi\/index.php?rest_route=%2Fwp%2Fv2%2Fcomments&post=136"}],"version-history":[{"count":14,"href":"https:\/\/elamanielaimet.fi\/index.php?rest_route=\/wp\/v2\/pages\/136\/revisions"}],"predecessor-version":[{"id":750,"href":"https:\/\/elamanielaimet.fi\/index.php?rest_route=\/wp\/v2\/pages\/136\/revisions\/750"}],"wp:attachment":[{"href":"https:\/\/elamanielaimet.fi\/index.php?rest_route=%2Fwp%2Fv2%2Fmedia&parent=136"}],"curies":[{"name":"wp","href":"https:\/\/api.w.org\/{rel}","templated":true}]}}